{"id":1514,"date":"2023-10-06T09:42:00","date_gmt":"2023-10-06T09:42:00","guid":{"rendered":"https:\/\/miplanetaliterario.wordpress.com\/about\/"},"modified":"2026-01-10T16:51:54","modified_gmt":"2026-01-10T15:51:54","slug":"sobre","status":"publish","type":"page","link":"https:\/\/miplanetaliterario.es\/index.php\/sobre\/","title":{"rendered":"Este blog"},"content":{"rendered":"<p>Este es un blog <strong>literario<\/strong> en el que se hacen, sobre todo, <strong>rese\u00f1as <em>SIN SPOILERS<\/em><\/strong> de libros de cualquier g\u00e9nero, aunque mis favoritos son ficci\u00f3n contempor\u00e1nea, la fantas\u00eda y el romance, pero estoy ampliando mi abanico literario para as\u00ed poder encontrar buenas obras de distintos g\u00e9neros y subg\u00e9neros con el objetivo de poder recomendarlas.\u00a0<\/p>\n<p>Si te gusta la literatura y leer tanto como a m\u00ed,<em> y te gusta lo que publico<\/em>, te invito a <strong>suscribirte<\/strong> para no perderte ninguna publicaci\u00f3n, as\u00ed como a <strong>seguirme por las redes sociales<\/strong>. Tambi\u00e9n si tienes alguna sugerencia para mejorar el blog, el contenido o libros que me recomendar\u00edas o te gustar\u00eda que rese\u00f1ara, puedes comunic\u00e1rmelo mediante el formulario del apartado de <strong>contacto<\/strong>.<\/p>\n\n\n<blockquote class=\"wp-block-quote is-layout-flow wp-block-quote-is-layout-flow\">\n<p><em>Cada libro, cada tomo que ves, tiene alma. El alma de quien lo escribi\u00f3, y el alma de quienes lo leyeron y vivieron y so\u00f1aron con \u00e9l. <\/em><\/p>\n<cite><strong>Carlos Ru\u00edz Zaf\u00f3n<\/strong><\/cite><\/blockquote>\n\n\n\n<div class=\"wp-block-columns is-layout-flex wp-container-core-columns-is-layout-9d6595d7 wp-block-columns-is-layout-flex\">\n<div class=\"wp-block-column is-layout-flow wp-block-column-is-layout-flow\" style=\"flex-basis:100%\">\n<div class=\"wp-block-group\"><div class=\"wp-block-group__inner-container is-layout-constrained wp-block-group-is-layout-constrained\"><div class=\"wp-block-image\">\n<figure class=\"aligncenter size-large is-resized\"><img decoding=\"async\" src=\"https:\/\/miplanetaliterario.files.wordpress.com\/2023\/10\/2111.w039.n003.23b.p1.23.jpg?w=1024\" alt=\"\" class=\"wp-image-310\" style=\"object-fit:cover;width:702px;height:200px\"\/><\/figure>\n<\/div><\/div><\/div>\n<\/div>\n<\/div>\n\n\n\n<p><\/p>\n<div class=\"likebtn_container\" style=\"\"><!-- LikeBtn.com BEGIN --><span class=\"likebtn-wrapper\"  data-identifier=\"page_1514\"  data-site_id=\"6790d82c6fd08b1433cb8618\"  data-lang=\"es\"  data-dislike_enabled=\"false\"  data-icon_dislike_show=\"false\"  data-style=\"\"  data-unlike_allowed=\"\"  data-show_copyright=\"\"  data-item_url=\"https:\/\/miplanetaliterario.es\/index.php\/sobre\/\"  data-item_title=\"Este blog\"  data-item_date=\"2023-10-06T09:42:00+02:00\"  data-engine=\"WordPress\"  data-plugin_v=\"2.6.59\"  data-prx=\"https:\/\/miplanetaliterario.es\/wp-admin\/admin-ajax.php?action=likebtn_prx\"  data-event_handler=\"likebtn_eh\" ><\/span><!-- LikeBtn.com END --><\/div>","protected":false},"excerpt":{"rendered":"<p>Este es un blog literario en el que se hacen, sobre todo, rese\u00f1as SIN SPOILERS de libros de cualquier g\u00e9nero, aunque mis favoritos son ficci\u00f3n contempor\u00e1nea, la fantas\u00eda y el romance, pero estoy ampliando mi abanico literario para as\u00ed poder encontrar buenas obras de distintos g\u00e9neros y subg\u00e9neros con el objetivo de poder recomendarlas.\u00a0 Si [&hellip;]<\/p>\n<div class=\"likebtn_container\" style=\"\"><!-- LikeBtn.com BEGIN --><span class=\"likebtn-wrapper\"  data-identifier=\"page_1514\"  data-site_id=\"6790d82c6fd08b1433cb8618\"  data-lang=\"es\"  data-dislike_enabled=\"false\"  data-icon_dislike_show=\"false\"  data-style=\"\"  data-unlike_allowed=\"\"  data-show_copyright=\"\"  data-item_url=\"https:\/\/miplanetaliterario.es\/index.php\/sobre\/\"  data-item_title=\"Este blog\"  data-item_date=\"2023-10-06T09:42:00+02:00\"  data-engine=\"WordPress\"  data-plugin_v=\"2.6.59\"  data-prx=\"https:\/\/miplanetaliterario.es\/wp-admin\/admin-ajax.php?action=likebtn_prx\"  data-event_handler=\"likebtn_eh\" ><\/span><!-- LikeBtn.com END --><\/div>","protected":false},"author":1,"featured_media":0,"parent":0,"menu_order":0,"comment_status":"closed","ping_status":"closed","template":"","meta":{"_uf_show_specific_survey":0,"_uf_disable_surveys":false,"jetpack_post_was_ever_published":false,"footnotes":""},"class_list":["post-1514","page","type-page","status-publish","hentry"],"aioseo_notices":[],"jetpack_likes_enabled":null,"jetpack_sharing_enabled":false,"jetpack_shortlink":"https:\/\/wp.me\/PfEK26-oq","_links":{"self":[{"href":"https:\/\/miplanetaliterario.es\/index.php\/wp-json\/wp\/v2\/pages\/1514","targetHints":{"allow":["GET"]}}],"collection":[{"href":"https:\/\/miplanetaliterario.es\/index.php\/wp-json\/wp\/v2\/pages"}],"about":[{"href":"https:\/\/miplanetaliterario.es\/index.php\/wp-json\/wp\/v2\/types\/page"}],"author":[{"embeddable":true,"href":"https:\/\/miplanetaliterario.es\/index.php\/wp-json\/wp\/v2\/users\/1"}],"replies":[{"embeddable":true,"href":"https:\/\/miplanetaliterario.es\/index.php\/wp-json\/wp\/v2\/comments?post=1514"}],"version-history":[{"count":6,"href":"https:\/\/miplanetaliterario.es\/index.php\/wp-json\/wp\/v2\/pages\/1514\/revisions"}],"predecessor-version":[{"id":4376,"href":"https:\/\/miplanetaliterario.es\/index.php\/wp-json\/wp\/v2\/pages\/1514\/revisions\/4376"}],"wp:attachment":[{"href":"https:\/\/miplanetaliterario.es\/index.php\/wp-json\/wp\/v2\/media?parent=1514"}],"curies":[{"name":"wp","href":"https:\/\/api.w.org\/{rel}","templated":true}]}}