{"id":123,"date":"2023-10-17T14:26:19","date_gmt":"2023-10-17T12:26:19","guid":{"rendered":"https:\/\/miplanetaliterario.wordpress.com\/?page_id=123"},"modified":"2024-03-28T21:36:11","modified_gmt":"2024-03-28T20:36:11","slug":"favoritos","status":"publish","type":"page","link":"https:\/\/miplanetaliterario.es\/index.php\/favoritos\/","title":{"rendered":"Favoritos"},"content":{"rendered":"\n<p>En esta secci\u00f3n os hablar\u00e9 de mis libros y frases favoritas, as\u00ed como de pel\u00edculas y series que me hayan gustado y que os puedo recomendar.<\/p>\n\n\n\n<p><strong>LISTA DE FAVORITOS<\/strong><\/p>\n\n\n\n<ul class=\"wp-block-list\">\n<li><a href=\"https:\/\/miplanetaliterario.es\/index.php\/category\/favoritos\/libros-y-frases\/\" target=\"_blank\" rel=\"noreferrer noopener\">Libros y frases favoritas<\/a><\/li>\n\n\n\n<li><a href=\"https:\/\/miplanetaliterario.es\/index.php\/category\/favoritos\/peliculas\/\" target=\"_blank\" rel=\"noreferrer noopener\">Pel\u00edculas<\/a><\/li>\n\n\n\n<li><a href=\"https:\/\/miplanetaliterario.es\/index.php\/category\/favoritos\/series\/\" target=\"_blank\" rel=\"noreferrer noopener\">Series<\/a><\/li>\n<\/ul>\n\n\n\n<p>Ver <a href=\"https:\/\/miplanetaliterario.es\/index.php\/category\/favoritos\/\" target=\"_blank\" rel=\"noreferrer noopener\">todo de Favoritos<\/a>.<\/p>\n<div class=\"likebtn_container\" style=\"\"><!-- LikeBtn.com BEGIN --><span class=\"likebtn-wrapper\"  data-identifier=\"page_123\"  data-site_id=\"6790d82c6fd08b1433cb8618\"  data-lang=\"es\"  data-dislike_enabled=\"false\"  data-icon_dislike_show=\"false\"  data-style=\"\"  data-unlike_allowed=\"\"  data-show_copyright=\"\"  data-item_url=\"https:\/\/miplanetaliterario.es\/index.php\/favoritos\/\"  data-item_title=\"Favoritos\"  data-item_date=\"2023-10-17T14:26:19+02:00\"  data-engine=\"WordPress\"  data-plugin_v=\"2.6.59\"  data-prx=\"https:\/\/miplanetaliterario.es\/wp-admin\/admin-ajax.php?action=likebtn_prx\"  data-event_handler=\"likebtn_eh\" ><\/span><!-- LikeBtn.com END --><\/div>","protected":false},"excerpt":{"rendered":"<p>En esta secci\u00f3n os hablar\u00e9 de mis libros y frases favoritas, as\u00ed como de pel\u00edculas y series que me hayan gustado y que os puedo recomendar. LISTA DE FAVORITOS Ver todo de Favoritos.<\/p>\n<div class=\"likebtn_container\" style=\"\"><!-- LikeBtn.com BEGIN --><span class=\"likebtn-wrapper\"  data-identifier=\"page_123\"  data-site_id=\"6790d82c6fd08b1433cb8618\"  data-lang=\"es\"  data-dislike_enabled=\"false\"  data-icon_dislike_show=\"false\"  data-style=\"\"  data-unlike_allowed=\"\"  data-show_copyright=\"\"  data-item_url=\"https:\/\/miplanetaliterario.es\/index.php\/favoritos\/\"  data-item_title=\"Favoritos\"  data-item_date=\"2023-10-17T14:26:19+02:00\"  data-engine=\"WordPress\"  data-plugin_v=\"2.6.59\"  data-prx=\"https:\/\/miplanetaliterario.es\/wp-admin\/admin-ajax.php?action=likebtn_prx\"  data-event_handler=\"likebtn_eh\" ><\/span><!-- LikeBtn.com END --><\/div>","protected":false},"author":1,"featured_media":0,"parent":0,"menu_order":0,"comment_status":"closed","ping_status":"closed","template":"","meta":{"_uf_show_specific_survey":0,"_uf_disable_surveys":false,"jetpack_post_was_ever_published":false,"footnotes":""},"class_list":["post-123","page","type-page","status-publish","hentry"],"aioseo_notices":[],"jetpack_likes_enabled":true,"jetpack_sharing_enabled":true,"jetpack_shortlink":"https:\/\/wp.me\/PfEK26-1Z","_links":{"self":[{"href":"https:\/\/miplanetaliterario.es\/index.php\/wp-json\/wp\/v2\/pages\/123","targetHints":{"allow":["GET"]}}],"collection":[{"href":"https:\/\/miplanetaliterario.es\/index.php\/wp-json\/wp\/v2\/pages"}],"about":[{"href":"https:\/\/miplanetaliterario.es\/index.php\/wp-json\/wp\/v2\/types\/page"}],"author":[{"embeddable":true,"href":"https:\/\/miplanetaliterario.es\/index.php\/wp-json\/wp\/v2\/users\/1"}],"replies":[{"embeddable":true,"href":"https:\/\/miplanetaliterario.es\/index.php\/wp-json\/wp\/v2\/comments?post=123"}],"version-history":[{"count":1,"href":"https:\/\/miplanetaliterario.es\/index.php\/wp-json\/wp\/v2\/pages\/123\/revisions"}],"predecessor-version":[{"id":1577,"href":"https:\/\/miplanetaliterario.es\/index.php\/wp-json\/wp\/v2\/pages\/123\/revisions\/1577"}],"wp:attachment":[{"href":"https:\/\/miplanetaliterario.es\/index.php\/wp-json\/wp\/v2\/media?parent=123"}],"curies":[{"name":"wp","href":"https:\/\/api.w.org\/{rel}","templated":true}]}}